{"id":165,"date":"2023-01-05T14:50:39","date_gmt":"2023-01-05T14:50:39","guid":{"rendered":"https:\/\/christinesplayground.fi\/index.php\/etusivu-suomi\/"},"modified":"2025-12-06T09:27:22","modified_gmt":"2025-12-06T09:27:22","slug":"etusivu-suomi","status":"publish","type":"page","link":"https:\/\/christinesplayground.fi\/","title":{"rendered":"Etusivu &#8211; Suomi"},"content":{"rendered":"\n<h2 class=\"wp-block-heading has-medium-font-size\">Tervetuloa Christines playground:iin, jokaiselle tarkoitettuun leikkipaikkaan! T\u00e4\u00e4ll\u00e4 nauttivat sek\u00e4 vanhat ett\u00e4 nuoret.<\/h2>\n\n\n\n<p class=\"has-medium-font-size\">Sinun ei tietenk\u00e4\u00e4n tarvitse k\u00e4ytt\u00e4\u00e4 paikalla olevia pelej\u00e4, olet yht\u00e4 tervetullut tulemaan t\u00e4nne lukemaan kirjaa tai tekem\u00e4\u00e4n k\u00e4sity\u00f6t\u00e4. Etsi itsellesi mukava paikka, juo kuppi kahvia tai juttele muiden kanssa. Liittym\u00e4ll\u00e4 yhdistyksen j\u00e4seneksi saat alennusta pelimaksuista ja pystyt vaikuttamaan toiminnan kehitykseen.<\/p>\n\n\n\n<p class=\"has-medium-font-size\">Christines playground on aatteellinen yhdistys, jonka tavoite on luoda ja yll\u00e4pit\u00e4\u00e4 mahdollisuuksia erilaisiin vapaa-ajan harrastuksiin.<\/p>\n\n\n\n<p class=\"has-medium-font-size\">Osoite on: Parmaninkatu 11, 64100 Kristiinankaupunki<\/p>\n\n\n\n<div class=\"wp-block-buttons is-layout-flex wp-block-buttons-is-layout-flex\">\n<div class=\"wp-block-button\"><a class=\"wp-block-button__link wp-element-button\" href=\"https:\/\/www.varaaheti.fi\/christinesplayground\" target=\"_blank\" rel=\"noreferrer noopener\">Varaa aika<\/a><\/div>\n<\/div>\n\n\n\n<h3 class=\"wp-block-heading\">Meid\u00e4t l\u00f6yd\u00e4tte my\u00f6s <a href=\"https:\/\/www.instagram.com\/christinesplayground2022\/\">Instagramista<\/a> ja <a href=\"https:\/\/www.facebook.com\/profile.php?id=100089211667030\">Facebookista<\/a><\/h3>\n\n\n\t\t<div class=\"wp-block-jetpack-instagram-gallery wp-block-jetpack-instagram-gallery__grid wp-block-jetpack-instagram-gallery__grid-columns-3 is-stacked-on-mobile\" style=\"grid-gap: 10px; --latest-instagram-posts-spacing: 10px;\">\n\t\t\t\t\t<a\n\t\t\t\tclass=\"wp-block-jetpack-instagram-gallery__grid-post\"\n\t\t\t\thref=\"https:\/\/www.instagram.com\/p\/DWbpPOEAv-q\/\"\n\t\t\t\trel=\"noopener noreferrer\"\n\t\t\t\ttarget=\"_blank\"\n\t\t\t>\n\t\t\t\t<img\n\t\t\t\t\talt=\"Tradingintroduktion i Christines playground tisdag 14.4 kl. 18.00. Anm\u00e4l dig till roger.langels@icloud.com. Avgift 20 \u20ac.\"\n\t\t\t\t\tsrc=\"https:\/\/scontent-iad6-1.cdninstagram.com\/v\/t51.82787-15\/658043644_18003975077899361_7374646148602282170_n.jpg?stp=dst-jpg_e35_tt6&#038;_nc_cat=109&#038;ccb=7-5&#038;_nc_sid=18de74&#038;efg=eyJlZmdfdGFnIjoiRkVFRC5iZXN0X2ltYWdlX3VybGdlbi5DMyJ9&#038;_nc_ohc=UI8_UY5__PkQ7kNvwHBVo9a&#038;_nc_oc=AdpMqj41vEo_Be7xQLf_ZFYdOms_c20tYTXbCS7pB4DpR3tt2tCSvjnBY9CCc1OgEtQ&#038;_nc_zt=23&#038;_nc_ht=scontent-iad6-1.cdninstagram.com&#038;edm=ANo9K5cEAAAA&#038;_nc_gid=wyfVCW58IBpCmK8tTB23KQ&#038;_nc_tpa=Q5bMBQH6pMujiflH9nXQHn9-JkfmzI8E8FqDKGhFr_YyxjXLXfZ7-AF8x888_a0ar5l5aRybO2h1Ot1C-Q&#038;oh=00_Af7q6cH3fxVzeu9oZztgnP4iVG9euWmDO37CtRG9XxlsPw&#038;oe=69FA71CF\"\n\t\t\t\t\tloading=\"lazy\"\n\t\t\t\t\/>\n\t\t\t<\/a>\n\t\t\t\t\t<a\n\t\t\t\tclass=\"wp-block-jetpack-instagram-gallery__grid-post\"\n\t\t\t\thref=\"https:\/\/www.instagram.com\/p\/DWI1n3KjrvF\/\"\n\t\t\t\trel=\"noopener noreferrer\"\n\t\t\t\ttarget=\"_blank\"\n\t\t\t>\n\t\t\t\t<img\n\t\t\t\t\talt=\"TRADINGKURS I CHRISTINES PLAYGROUND\"\n\t\t\t\t\tsrc=\"https:\/\/scontent-iad6-1.cdninstagram.com\/v\/t39.30808-6\/654063641_34679114231701991_958976922522841747_n.jpg?stp=dst-jpg_e35_tt6&#038;_nc_cat=107&#038;ccb=7-5&#038;_nc_sid=18de74&#038;efg=eyJlZmdfdGFnIjoiRkVFRC5iZXN0X2ltYWdlX3VybGdlbi5DMyJ9&#038;_nc_ohc=uTu1-M0c3tgQ7kNvwG2X19q&#038;_nc_oc=AdoQn8-684AnaDYPoK889WvslH6HSJqpaX8ZyG7JuKYgbcR6KZitEH2JqEMgBIbX8pg&#038;_nc_zt=23&#038;_nc_ht=scontent-iad6-1.cdninstagram.com&#038;edm=ANo9K5cEAAAA&#038;_nc_gid=wyfVCW58IBpCmK8tTB23KQ&#038;_nc_tpa=Q5bMBQGBdZq3Q3yod62oSCrUhHT41xqOkrpKw1wJ0coR1Z8i910vc3qAgDzE3I_MAZa4QFZ3aytDI-2qJw&#038;oh=00_Af769X_y-K3NaykEdqbJgMedHeb7K2AZLthf3wcFaKL7-w&#038;oe=69FA639C\"\n\t\t\t\t\tloading=\"lazy\"\n\t\t\t\t\/>\n\t\t\t<\/a>\n\t\t\t\t\t<a\n\t\t\t\tclass=\"wp-block-jetpack-instagram-gallery__grid-post\"\n\t\t\t\thref=\"https:\/\/www.instagram.com\/p\/DV5qeKSgriA\/\"\n\t\t\t\trel=\"noopener noreferrer\"\n\t\t\t\ttarget=\"_blank\"\n\t\t\t>\n\t\t\t\t<img\n\t\t\t\t\talt=\"Soita keskustelemaan ideoita ja aikataulua. Runsaasti tilaa my\u00f6s isoille ryhmille. Ota mukaan ruokaa ja juomaa tai tilaa catering.\"\n\t\t\t\t\tsrc=\"https:\/\/scontent-iad6-1.cdninstagram.com\/v\/t51.82787-15\/651283929_18002124308899361_2719763919683835297_n.jpg?stp=dst-jpg_e35_tt6&#038;_nc_cat=109&#038;ccb=7-5&#038;_nc_sid=18de74&#038;efg=eyJlZmdfdGFnIjoiRkVFRC5iZXN0X2ltYWdlX3VybGdlbi5DMyJ9&#038;_nc_ohc=MTY4RNo63X8Q7kNvwFIaNuD&#038;_nc_oc=Adq5i8EqcQbh2_jdCi3Z3vzq1yP01ieCT5tMUgXelh0zf9tILYWP72NlcZBXS4bqT8Y&#038;_nc_zt=23&#038;_nc_ht=scontent-iad6-1.cdninstagram.com&#038;edm=ANo9K5cEAAAA&#038;_nc_gid=wyfVCW58IBpCmK8tTB23KQ&#038;_nc_tpa=Q5bMBQGpGrM0VzFeayOkgmKZtj_k9n9J19yCU3uIE3Cr16q0c-Elc-HRE_yFzg54kFwjsDSsTqif9d0lLQ&#038;oh=00_Af5BRs0QfjpQVQ-C62WDicWpz3bUF-fE631pYfNkC-pMzw&#038;oe=69FA6E40\"\n\t\t\t\t\tloading=\"lazy\"\n\t\t\t\t\/>\n\t\t\t<\/a>\n\t\t\t<\/div>\n\n\t","protected":false},"excerpt":{"rendered":"<p>Tervetuloa Christines playground:iin, jokaiselle tarkoitettuun leikkipaikkaan! T\u00e4\u00e4ll\u00e4 nauttivat sek\u00e4 vanhat ett\u00e4 nuoret. Sinun ei tietenk\u00e4\u00e4n tarvitse k\u00e4ytt\u00e4\u00e4 paikalla olevia pelej\u00e4, olet yht\u00e4 tervetullut tulemaan t\u00e4nne&hellip;<\/p>\n","protected":false},"author":1,"featured_media":0,"parent":0,"menu_order":0,"comment_status":"closed","ping_status":"closed","template":"","meta":{"footnotes":""},"class_list":["post-165","page","type-page","status-publish","hentry"],"jetpack_sharing_enabled":true,"_links":{"self":[{"href":"https:\/\/christinesplayground.fi\/index.php\/wp-json\/wp\/v2\/pages\/165","targetHints":{"allow":["GET"]}}],"collection":[{"href":"https:\/\/christinesplayground.fi\/index.php\/wp-json\/wp\/v2\/pages"}],"about":[{"href":"https:\/\/christinesplayground.fi\/index.php\/wp-json\/wp\/v2\/types\/page"}],"author":[{"embeddable":true,"href":"https:\/\/christinesplayground.fi\/index.php\/wp-json\/wp\/v2\/users\/1"}],"replies":[{"embeddable":true,"href":"https:\/\/christinesplayground.fi\/index.php\/wp-json\/wp\/v2\/comments?post=165"}],"version-history":[{"count":7,"href":"https:\/\/christinesplayground.fi\/index.php\/wp-json\/wp\/v2\/pages\/165\/revisions"}],"predecessor-version":[{"id":2123,"href":"https:\/\/christinesplayground.fi\/index.php\/wp-json\/wp\/v2\/pages\/165\/revisions\/2123"}],"wp:attachment":[{"href":"https:\/\/christinesplayground.fi\/index.php\/wp-json\/wp\/v2\/media?parent=165"}],"curies":[{"name":"wp","href":"https:\/\/api.w.org\/{rel}","templated":true}]}}