{"id":190,"date":"2023-01-10T17:11:32","date_gmt":"2023-01-10T17:11:32","guid":{"rendered":"https:\/\/christinesplayground.fi\/?page_id=190"},"modified":"2025-11-16T13:37:24","modified_gmt":"2025-11-16T13:37:24","slug":"golf","status":"publish","type":"page","link":"https:\/\/christinesplayground.fi\/index.php\/sv\/golf\/","title":{"rendered":"Golf"},"content":{"rendered":"\n<h2 class=\"wp-block-heading\">Golfsimulator<\/h2>\n\n\n\n<p class=\"has-medium-font-size\">FlightScope golfsimulator med Dobbler radarteknik som ger noggranna analyser av dina slag, samt m\u00e5nga olika banor att spela p\u00e5.<\/p>\n\n\n\n<p>Vi spelar veckot\u00e4vlingar i simulatorn, kom med och prova!<\/p>\n\n\n<ul class=\"wp-block-latest-posts__list is-grid columns-3 has-dates wp-block-latest-posts\"><li><div class=\"wp-block-latest-posts__featured-image\"><img loading=\"lazy\" decoding=\"async\" width=\"150\" height=\"150\" src=\"https:\/\/christinesplayground.fi\/wp-content\/uploads\/2026\/03\/Laughlin_Ranch11-150x150.jpg\" class=\"attachment-thumbnail size-thumbnail wp-post-image\" alt=\"\" style=\"\" \/><\/div><a class=\"wp-block-latest-posts__post-title\" href=\"https:\/\/christinesplayground.fi\/index.php\/sv\/2026\/03\/23\/krs-golf-tour-2026-19-23-03-29-03-2026\/\">KRS Golf Tour 2026\/19 23.03-29.03.2026<\/a><time datetime=\"2026-03-23T02:42:00+00:00\" class=\"wp-block-latest-posts__post-date\">23 maaliskuun, 2026<\/time><\/li>\n<li><div class=\"wp-block-latest-posts__featured-image\"><img loading=\"lazy\" decoding=\"async\" width=\"150\" height=\"150\" src=\"https:\/\/christinesplayground.fi\/wp-content\/uploads\/2026\/03\/howth-golf-club_086724_full1-150x150.jpg\" class=\"attachment-thumbnail size-thumbnail wp-post-image\" alt=\"\" style=\"\" \/><\/div><a class=\"wp-block-latest-posts__post-title\" href=\"https:\/\/christinesplayground.fi\/index.php\/sv\/2026\/03\/16\/krs-golf-tour-2026-17-16-03-22-03-2026\/\">KRS Golf Tour 2026\/18 16.03-22.03.2026<\/a><time datetime=\"2026-03-16T02:07:00+00:00\" class=\"wp-block-latest-posts__post-date\">16 maaliskuun, 2026<\/time><\/li>\n<li><div class=\"wp-block-latest-posts__featured-image\"><img loading=\"lazy\" decoding=\"async\" width=\"150\" height=\"150\" src=\"https:\/\/christinesplayground.fi\/wp-content\/uploads\/2026\/03\/howth-golf-club_086724_full1-150x150.jpg\" class=\"attachment-thumbnail size-thumbnail wp-post-image\" alt=\"\" style=\"\" \/><\/div><a class=\"wp-block-latest-posts__post-title\" href=\"https:\/\/christinesplayground.fi\/index.php\/sv\/2026\/03\/09\/krs-golf-tour-2026-17-09-03-15-03-2026\/\">KRS Golf Tour 2026\/17 09.03-15.03.2026<\/a><time datetime=\"2026-03-09T06:06:15+00:00\" class=\"wp-block-latest-posts__post-date\">9 maaliskuun, 2026<\/time><\/li>\n<li><div class=\"wp-block-latest-posts__featured-image\"><img loading=\"lazy\" decoding=\"async\" width=\"150\" height=\"150\" src=\"https:\/\/christinesplayground.fi\/wp-content\/uploads\/2026\/02\/halmstadgkhero1-150x150.webp\" class=\"attachment-thumbnail size-thumbnail wp-post-image\" alt=\"\" style=\"\" \/><\/div><a class=\"wp-block-latest-posts__post-title\" href=\"https:\/\/christinesplayground.fi\/index.php\/sv\/2026\/03\/02\/krs-golf-tour-2026-16-02-03-08-03-2026-2\/\">KRS Golf Tour 2026\/16 02.03-08.03.2026<\/a><time datetime=\"2026-03-02T06:20:59+00:00\" class=\"wp-block-latest-posts__post-date\">2 maaliskuun, 2026<\/time><\/li>\n<li><div class=\"wp-block-latest-posts__featured-image\"><img loading=\"lazy\" decoding=\"async\" width=\"150\" height=\"150\" src=\"https:\/\/christinesplayground.fi\/wp-content\/uploads\/2026\/02\/halmstadgkhero1-150x150.webp\" class=\"attachment-thumbnail size-thumbnail wp-post-image\" alt=\"\" style=\"\" \/><\/div><a class=\"wp-block-latest-posts__post-title\" href=\"https:\/\/christinesplayground.fi\/index.php\/sv\/2026\/02\/23\/krs-golf-tour-2026-15-23-02-01-03-2026\/\">KRS Golf Tour 2026\/15 23.02-01.03.2026<\/a><time datetime=\"2026-02-23T06:31:58+00:00\" class=\"wp-block-latest-posts__post-date\">23 helmikuun, 2026<\/time><\/li>\n<li><div class=\"wp-block-latest-posts__featured-image\"><img loading=\"lazy\" decoding=\"async\" width=\"150\" height=\"150\" src=\"https:\/\/christinesplayground.fi\/wp-content\/uploads\/2024\/02\/image-1-150x150.png\" class=\"attachment-thumbnail size-thumbnail wp-post-image\" alt=\"\" style=\"\" \/><\/div><a class=\"wp-block-latest-posts__post-title\" href=\"https:\/\/christinesplayground.fi\/index.php\/sv\/2026\/02\/16\/krs-golf-tour-2026-14-16-02-22-02-2026\/\">KRS Golf Tour 2026\/14 16.02-22.02.2026<\/a><time datetime=\"2026-02-16T09:02:31+00:00\" class=\"wp-block-latest-posts__post-date\">16 helmikuun, 2026<\/time><\/li>\n<\/ul>","protected":false},"excerpt":{"rendered":"<p>Golfsimulator FlightScope golfsimulator med Dobbler radarteknik som ger noggranna analyser av dina slag, samt m\u00e5nga olika banor att spela p\u00e5. Vi spelar veckot\u00e4vlingar i simulatorn,&hellip;<\/p>\n","protected":false},"author":1,"featured_media":429,"parent":0,"menu_order":0,"comment_status":"closed","ping_status":"closed","template":"","meta":{"footnotes":""},"class_list":["post-190","page","type-page","status-publish","has-post-thumbnail","hentry"],"jetpack_sharing_enabled":true,"_links":{"self":[{"href":"https:\/\/christinesplayground.fi\/index.php\/wp-json\/wp\/v2\/pages\/190","targetHints":{"allow":["GET"]}}],"collection":[{"href":"https:\/\/christinesplayground.fi\/index.php\/wp-json\/wp\/v2\/pages"}],"about":[{"href":"https:\/\/christinesplayground.fi\/index.php\/wp-json\/wp\/v2\/types\/page"}],"author":[{"embeddable":true,"href":"https:\/\/christinesplayground.fi\/index.php\/wp-json\/wp\/v2\/users\/1"}],"replies":[{"embeddable":true,"href":"https:\/\/christinesplayground.fi\/index.php\/wp-json\/wp\/v2\/comments?post=190"}],"version-history":[{"count":17,"href":"https:\/\/christinesplayground.fi\/index.php\/wp-json\/wp\/v2\/pages\/190\/revisions"}],"predecessor-version":[{"id":2052,"href":"https:\/\/christinesplayground.fi\/index.php\/wp-json\/wp\/v2\/pages\/190\/revisions\/2052"}],"wp:featuredmedia":[{"embeddable":true,"href":"https:\/\/christinesplayground.fi\/index.php\/wp-json\/wp\/v2\/media\/429"}],"wp:attachment":[{"href":"https:\/\/christinesplayground.fi\/index.php\/wp-json\/wp\/v2\/media?parent=190"}],"curies":[{"name":"wp","href":"https:\/\/api.w.org\/{rel}","templated":true}]}}