{"id":197,"date":"2023-01-10T17:15:47","date_gmt":"2023-01-10T17:15:47","guid":{"rendered":"https:\/\/christinesplayground.fi\/?page_id=197"},"modified":"2023-01-13T11:47:28","modified_gmt":"2023-01-13T11:47:28","slug":"shuffleboard","status":"publish","type":"page","link":"https:\/\/christinesplayground.fi\/index.php\/sv\/spelen\/shuffleboard\/","title":{"rendered":"Shuffleboard"},"content":{"rendered":"\n<p class=\"has-medium-font-size\">Kallas ocks\u00e5 bordscurling. Ett spel som l\u00e4mpar sig f\u00f6r alla \u00e5ldrar. Kan spelas b\u00e5de individuellt och i lag.<\/p>\n","protected":false},"excerpt":{"rendered":"<p>Kallas ocks\u00e5 bordscurling. Ett spel som l\u00e4mpar sig f\u00f6r alla \u00e5ldrar. Kan spelas b\u00e5de individuellt och i lag.<\/p>\n","protected":false},"author":1,"featured_media":0,"parent":155,"menu_order":0,"comment_status":"closed","ping_status":"closed","template":"","meta":{"footnotes":""},"class_list":["post-197","page","type-page","status-publish","hentry"],"jetpack_sharing_enabled":true,"_links":{"self":[{"href":"https:\/\/christinesplayground.fi\/index.php\/wp-json\/wp\/v2\/pages\/197","targetHints":{"allow":["GET"]}}],"collection":[{"href":"https:\/\/christinesplayground.fi\/index.php\/wp-json\/wp\/v2\/pages"}],"about":[{"href":"https:\/\/christinesplayground.fi\/index.php\/wp-json\/wp\/v2\/types\/page"}],"author":[{"embeddable":true,"href":"https:\/\/christinesplayground.fi\/index.php\/wp-json\/wp\/v2\/users\/1"}],"replies":[{"embeddable":true,"href":"https:\/\/christinesplayground.fi\/index.php\/wp-json\/wp\/v2\/comments?post=197"}],"version-history":[{"count":2,"href":"https:\/\/christinesplayground.fi\/index.php\/wp-json\/wp\/v2\/pages\/197\/revisions"}],"predecessor-version":[{"id":237,"href":"https:\/\/christinesplayground.fi\/index.php\/wp-json\/wp\/v2\/pages\/197\/revisions\/237"}],"up":[{"embeddable":true,"href":"https:\/\/christinesplayground.fi\/index.php\/wp-json\/wp\/v2\/pages\/155"}],"wp:attachment":[{"href":"https:\/\/christinesplayground.fi\/index.php\/wp-json\/wp\/v2\/media?parent=197"}],"curies":[{"name":"wp","href":"https:\/\/api.w.org\/{rel}","templated":true}]}}