{"id":199,"date":"2023-01-10T17:17:38","date_gmt":"2023-01-10T17:17:38","guid":{"rendered":"https:\/\/christinesplayground.fi\/?page_id=199"},"modified":"2023-03-13T07:15:58","modified_gmt":"2023-03-13T07:15:58","slug":"boccia","status":"publish","type":"page","link":"https:\/\/christinesplayground.fi\/index.php\/sv\/boccia\/","title":{"rendered":"Boccia"},"content":{"rendered":"\n<p class=\"has-medium-font-size\">Anpassat f\u00f6r inomhusbruk med klot av l\u00e4der. Ett intressant och roligt spel f\u00f6r hela familjen.<\/p>\n","protected":false},"excerpt":{"rendered":"<p>Anpassat f\u00f6r inomhusbruk med klot av l\u00e4der. Ett intressant och roligt spel f\u00f6r hela familjen.<\/p>\n","protected":false},"author":1,"featured_media":0,"parent":0,"menu_order":0,"comment_status":"closed","ping_status":"closed","template":"","meta":{"footnotes":""},"class_list":["post-199","page","type-page","status-publish","hentry"],"jetpack_sharing_enabled":true,"_links":{"self":[{"href":"https:\/\/christinesplayground.fi\/index.php\/wp-json\/wp\/v2\/pages\/199","targetHints":{"allow":["GET"]}}],"collection":[{"href":"https:\/\/christinesplayground.fi\/index.php\/wp-json\/wp\/v2\/pages"}],"about":[{"href":"https:\/\/christinesplayground.fi\/index.php\/wp-json\/wp\/v2\/types\/page"}],"author":[{"embeddable":true,"href":"https:\/\/christinesplayground.fi\/index.php\/wp-json\/wp\/v2\/users\/1"}],"replies":[{"embeddable":true,"href":"https:\/\/christinesplayground.fi\/index.php\/wp-json\/wp\/v2\/comments?post=199"}],"version-history":[{"count":3,"href":"https:\/\/christinesplayground.fi\/index.php\/wp-json\/wp\/v2\/pages\/199\/revisions"}],"predecessor-version":[{"id":405,"href":"https:\/\/christinesplayground.fi\/index.php\/wp-json\/wp\/v2\/pages\/199\/revisions\/405"}],"wp:attachment":[{"href":"https:\/\/christinesplayground.fi\/index.php\/wp-json\/wp\/v2\/media?parent=199"}],"curies":[{"name":"wp","href":"https:\/\/api.w.org\/{rel}","templated":true}]}}