{"id":211,"date":"2023-01-10T17:25:12","date_gmt":"2023-01-10T17:25:12","guid":{"rendered":"https:\/\/christinesplayground.fi\/?page_id=211"},"modified":"2025-11-16T13:58:30","modified_gmt":"2025-11-16T13:58:30","slug":"poytacurling","status":"publish","type":"page","link":"https:\/\/christinesplayground.fi\/index.php\/poytacurling\/","title":{"rendered":"P\u00f6yt\u00e4curling"},"content":{"rendered":"\n<h2 class=\"wp-block-heading\">P\u00f6yt\u00e4curling<\/h2>\n\n\n\n<p class=\"has-medium-font-size\">Peli joka sopii kaikenik\u00e4isille. Voidaan pelata yksin, kahdestaan tai joukkeena.<\/p>\n","protected":false},"excerpt":{"rendered":"<p>P\u00f6yt\u00e4curling Peli joka sopii kaikenik\u00e4isille. Voidaan pelata yksin, kahdestaan tai joukkeena.<\/p>\n","protected":false},"author":1,"featured_media":0,"parent":0,"menu_order":0,"comment_status":"closed","ping_status":"closed","template":"","meta":{"footnotes":""},"class_list":["post-211","page","type-page","status-publish","hentry"],"jetpack_sharing_enabled":true,"_links":{"self":[{"href":"https:\/\/christinesplayground.fi\/index.php\/wp-json\/wp\/v2\/pages\/211","targetHints":{"allow":["GET"]}}],"collection":[{"href":"https:\/\/christinesplayground.fi\/index.php\/wp-json\/wp\/v2\/pages"}],"about":[{"href":"https:\/\/christinesplayground.fi\/index.php\/wp-json\/wp\/v2\/types\/page"}],"author":[{"embeddable":true,"href":"https:\/\/christinesplayground.fi\/index.php\/wp-json\/wp\/v2\/users\/1"}],"replies":[{"embeddable":true,"href":"https:\/\/christinesplayground.fi\/index.php\/wp-json\/wp\/v2\/comments?post=211"}],"version-history":[{"count":3,"href":"https:\/\/christinesplayground.fi\/index.php\/wp-json\/wp\/v2\/pages\/211\/revisions"}],"predecessor-version":[{"id":2064,"href":"https:\/\/christinesplayground.fi\/index.php\/wp-json\/wp\/v2\/pages\/211\/revisions\/2064"}],"wp:attachment":[{"href":"https:\/\/christinesplayground.fi\/index.php\/wp-json\/wp\/v2\/media?parent=211"}],"curies":[{"name":"wp","href":"https:\/\/api.w.org\/{rel}","templated":true}]}}