{"id":213,"date":"2023-01-10T17:25:40","date_gmt":"2023-01-10T17:25:40","guid":{"rendered":"https:\/\/christinesplayground.fi\/?page_id=213"},"modified":"2025-11-16T13:59:06","modified_gmt":"2025-11-16T13:59:06","slug":"boccia-2","status":"publish","type":"page","link":"https:\/\/christinesplayground.fi\/index.php\/boccia-2\/","title":{"rendered":"Boccia"},"content":{"rendered":"\n<h2 class=\"wp-block-heading\">Boccia<\/h2>\n\n\n\n<p class=\"has-medium-font-size\">Sovellettu sis\u00e4k\u00e4ytt\u00f6\u00f6n. Pelataan nahkapalloilla. Mielenkiintoinen peli koko perheelle.<\/p>\n","protected":false},"excerpt":{"rendered":"<p>Boccia Sovellettu sis\u00e4k\u00e4ytt\u00f6\u00f6n. Pelataan nahkapalloilla. Mielenkiintoinen peli koko perheelle.<\/p>\n","protected":false},"author":1,"featured_media":0,"parent":0,"menu_order":0,"comment_status":"closed","ping_status":"closed","template":"","meta":{"footnotes":""},"class_list":["post-213","page","type-page","status-publish","hentry"],"jetpack_sharing_enabled":true,"_links":{"self":[{"href":"https:\/\/christinesplayground.fi\/index.php\/wp-json\/wp\/v2\/pages\/213","targetHints":{"allow":["GET"]}}],"collection":[{"href":"https:\/\/christinesplayground.fi\/index.php\/wp-json\/wp\/v2\/pages"}],"about":[{"href":"https:\/\/christinesplayground.fi\/index.php\/wp-json\/wp\/v2\/types\/page"}],"author":[{"embeddable":true,"href":"https:\/\/christinesplayground.fi\/index.php\/wp-json\/wp\/v2\/users\/1"}],"replies":[{"embeddable":true,"href":"https:\/\/christinesplayground.fi\/index.php\/wp-json\/wp\/v2\/comments?post=213"}],"version-history":[{"count":3,"href":"https:\/\/christinesplayground.fi\/index.php\/wp-json\/wp\/v2\/pages\/213\/revisions"}],"predecessor-version":[{"id":2065,"href":"https:\/\/christinesplayground.fi\/index.php\/wp-json\/wp\/v2\/pages\/213\/revisions\/2065"}],"wp:attachment":[{"href":"https:\/\/christinesplayground.fi\/index.php\/wp-json\/wp\/v2\/media?parent=213"}],"curies":[{"name":"wp","href":"https:\/\/api.w.org\/{rel}","templated":true}]}}