{"id":320,"date":"2023-02-21T12:47:08","date_gmt":"2023-02-21T12:47:08","guid":{"rendered":"https:\/\/christinesplayground.fi\/?page_id=320"},"modified":"2025-11-16T14:03:09","modified_gmt":"2025-11-16T14:03:09","slug":"tietosuojaseloste","status":"publish","type":"page","link":"https:\/\/christinesplayground.fi\/index.php\/yhdistys\/tietosuojaseloste\/","title":{"rendered":"Tietosuojaseloste"},"content":{"rendered":"\n<h2 class=\"wp-block-heading\">Tietosuojaseloste<\/h2>\n\n\n\n<h2 class=\"wp-block-heading has-medium-font-size\"><strong>Keit\u00e4 olemme<\/strong><\/h2>\n\n\n\n<p class=\"has-medium-font-size\">Verkkosivustomme osoite on: <a href=\"https:\/\/christinesplayground.fi\/\">https:\/\/christinesplayground.fi<\/a>.<\/p>\n\n\n\n<h4 class=\"wp-block-heading has-medium-font-size\"><strong>Yhteydenotot<\/strong><\/h4>\n\n\n\n<p class=\"has-medium-font-size\">Sivustolla olevan j\u00e4seneksi liittymis-lomakkeen kautta tehdyist\u00e4 yhteydenotoista tallennetaan lomakkeen t\u00e4ytt\u00e4j\u00e4n nimi, puhelinnumero, kotiosoite ja s\u00e4hk\u00f6postiosoite.<\/p>\n\n\n\n<p class=\"has-medium-font-size\"><strong>Ev\u00e4steet<\/strong><\/p>\n\n\n\n<p class=\"has-medium-font-size\">Sivusto k\u00e4ytt\u00e4\u00e4 ev\u00e4steit\u00e4, joilla ker\u00e4t\u00e4\u00e4n vain toiminnalle v\u00e4ltt\u00e4m\u00e4tt\u00f6mi\u00e4 tietoja ja erotellaan k\u00e4vij\u00f6it\u00e4 toisistaan. Ev\u00e4steet poistetaan automaattisesti tietyin v\u00e4liajoin.<\/p>\n\n\n\n<p class=\"has-medium-font-size\"><strong>Kenelle jaamme tietosi<\/strong><\/p>\n\n\n\n<p class=\"has-medium-font-size\">Ker\u00e4ttyj\u00e4 tietoja k\u00e4ytet\u00e4\u00e4n j\u00e4senrekisterin\/j\u00e4senluettelon yll\u00e4pit\u00e4miseen, mutta tietoja ei luovuteta kenellek\u00e4\u00e4n kolmansille osapuolille.<\/p>\n\n\n\n<p class=\"has-medium-font-size\"><strong>J\u00e4senrekisteri<\/strong><\/p>\n\n\n\n<p class=\"has-medium-font-size\">Rekisterinpit\u00e4j\u00e4 Christines Playground rf. Rekisteriasioita hoitava henkil\u00f6 Roger Langels ja h\u00e4nen s\u00e4hk\u00f6postiosoitteensa <a href=\"mailto:roger.langels@icloud.com\">roger.langels@icloud.com<\/a>.<\/p>\n\n\n\n<p class=\"has-medium-font-size\"><strong>Kuinka kauan s\u00e4ilyt\u00e4mme tietoa<\/strong><\/p>\n\n\n\n<p class=\"has-medium-font-size\">Tiedot poistetaan j\u00e4senrekisterist\u00e4 kun henkil\u00f6 on eronnut tai erotettu yhdistyksest\u00e4.<\/p>\n\n\n\n<p class=\"has-medium-font-size\"><strong>Minne tietosi l\u00e4hetet\u00e4\u00e4n<\/strong><\/p>\n\n\n\n<p class=\"has-medium-font-size\">Vierailijoiden kommentteja saatetaan tarkistaa automatisoidun roskapostiestopalvelun kautta.<\/p>\n\n\n\n<p><\/p>\n","protected":false},"excerpt":{"rendered":"<p>Tietosuojaseloste Keit\u00e4 olemme Verkkosivustomme osoite on: https:\/\/christinesplayground.fi. Yhteydenotot Sivustolla olevan j\u00e4seneksi liittymis-lomakkeen kautta tehdyist\u00e4 yhteydenotoista tallennetaan lomakkeen t\u00e4ytt\u00e4j\u00e4n nimi, puhelinnumero, kotiosoite ja s\u00e4hk\u00f6postiosoite. Ev\u00e4steet Sivusto&hellip;<\/p>\n","protected":false},"author":1,"featured_media":0,"parent":254,"menu_order":0,"comment_status":"closed","ping_status":"closed","template":"","meta":{"footnotes":""},"class_list":["post-320","page","type-page","status-publish","hentry"],"jetpack_sharing_enabled":true,"_links":{"self":[{"href":"https:\/\/christinesplayground.fi\/index.php\/wp-json\/wp\/v2\/pages\/320","targetHints":{"allow":["GET"]}}],"collection":[{"href":"https:\/\/christinesplayground.fi\/index.php\/wp-json\/wp\/v2\/pages"}],"about":[{"href":"https:\/\/christinesplayground.fi\/index.php\/wp-json\/wp\/v2\/types\/page"}],"author":[{"embeddable":true,"href":"https:\/\/christinesplayground.fi\/index.php\/wp-json\/wp\/v2\/users\/1"}],"replies":[{"embeddable":true,"href":"https:\/\/christinesplayground.fi\/index.php\/wp-json\/wp\/v2\/comments?post=320"}],"version-history":[{"count":3,"href":"https:\/\/christinesplayground.fi\/index.php\/wp-json\/wp\/v2\/pages\/320\/revisions"}],"predecessor-version":[{"id":2070,"href":"https:\/\/christinesplayground.fi\/index.php\/wp-json\/wp\/v2\/pages\/320\/revisions\/2070"}],"up":[{"embeddable":true,"href":"https:\/\/christinesplayground.fi\/index.php\/wp-json\/wp\/v2\/pages\/254"}],"wp:attachment":[{"href":"https:\/\/christinesplayground.fi\/index.php\/wp-json\/wp\/v2\/media?parent=320"}],"curies":[{"name":"wp","href":"https:\/\/api.w.org\/{rel}","templated":true}]}}