{"id":38,"date":"2022-12-02T13:52:26","date_gmt":"2022-12-02T13:52:26","guid":{"rendered":"https:\/\/versio1.designsk.zoner.dev\/?page_id=38"},"modified":"2025-11-16T14:08:44","modified_gmt":"2025-11-16T14:08:44","slug":"hinnasto","status":"publish","type":"page","link":"https:\/\/christinesplayground.fi\/index.php\/hinnasto\/","title":{"rendered":"Hinnasto"},"content":{"rendered":"\n<h2 class=\"wp-block-heading\">Hinnasto<\/h2>\n\n\n\n<figure class=\"wp-block-table has-medium-font-size\"><table class=\"has-fixed-layout\"><thead><tr><th>Peli<\/th><th>Arkisin 8-16<\/th><th>Arkisin 16-22 sek\u00e4 viikonloput<\/th><\/tr><\/thead><tbody><tr><td>Golf<\/td><td>10<\/td><td>20<\/td><\/tr><tr><td>P\u00f6yt\u00e4curling<\/td><td>10<\/td><td>20<\/td><\/tr><tr><td>Biljardi<\/td><td>10<\/td><td>20<\/td><\/tr><tr><td>Mets\u00e4stys ja ilmakiv\u00e4\u00e4riammunta<\/td><td>10<\/td><td>20<\/td><\/tr><tr><td>Dart<\/td><td>10<\/td><td>20<\/td><\/tr><\/tbody><\/table><\/figure>\n\n\n\n<p class=\"has-medium-font-size\">J\u00e4senille -20%<\/p>\n","protected":false},"excerpt":{"rendered":"<p>Hinnasto Peli Arkisin 8-16 Arkisin 16-22 sek\u00e4 viikonloput Golf 10 20 P\u00f6yt\u00e4curling 10 20 Biljardi 10 20 Mets\u00e4stys ja ilmakiv\u00e4\u00e4riammunta 10 20 Dart 10 20&hellip;<\/p>\n","protected":false},"author":1,"featured_media":0,"parent":0,"menu_order":0,"comment_status":"closed","ping_status":"closed","template":"","meta":{"footnotes":""},"class_list":["post-38","page","type-page","status-publish","hentry"],"jetpack_sharing_enabled":true,"_links":{"self":[{"href":"https:\/\/christinesplayground.fi\/index.php\/wp-json\/wp\/v2\/pages\/38","targetHints":{"allow":["GET"]}}],"collection":[{"href":"https:\/\/christinesplayground.fi\/index.php\/wp-json\/wp\/v2\/pages"}],"about":[{"href":"https:\/\/christinesplayground.fi\/index.php\/wp-json\/wp\/v2\/types\/page"}],"author":[{"embeddable":true,"href":"https:\/\/christinesplayground.fi\/index.php\/wp-json\/wp\/v2\/users\/1"}],"replies":[{"embeddable":true,"href":"https:\/\/christinesplayground.fi\/index.php\/wp-json\/wp\/v2\/comments?post=38"}],"version-history":[{"count":5,"href":"https:\/\/christinesplayground.fi\/index.php\/wp-json\/wp\/v2\/pages\/38\/revisions"}],"predecessor-version":[{"id":2076,"href":"https:\/\/christinesplayground.fi\/index.php\/wp-json\/wp\/v2\/pages\/38\/revisions\/2076"}],"wp:attachment":[{"href":"https:\/\/christinesplayground.fi\/index.php\/wp-json\/wp\/v2\/media?parent=38"}],"curies":[{"name":"wp","href":"https:\/\/api.w.org\/{rel}","templated":true}]}}