{"id":52,"date":"2022-12-02T13:55:36","date_gmt":"2022-12-02T13:55:36","guid":{"rendered":"https:\/\/versio1.designsk.zoner.dev\/?page_id=52"},"modified":"2025-11-16T13:55:38","modified_gmt":"2025-11-16T13:55:38","slug":"biljardi","status":"publish","type":"page","link":"https:\/\/christinesplayground.fi\/index.php\/biljardi\/","title":{"rendered":"Biljardi"},"content":{"rendered":"\n<h2 class=\"wp-block-heading\">Biljardi<\/h2>\n\n\n\n<h3 class=\"wp-block-heading has-medium-font-size\">Kaksi kilpailutason p\u00f6yt\u00e4\u00e4, snooker ja pool.<\/h3>\n\n\n\n<p><\/p>\n\n\n\n<p><\/p>\n\n\n\n<p><\/p>\n","protected":false},"excerpt":{"rendered":"<p>Biljardi Kaksi kilpailutason p\u00f6yt\u00e4\u00e4, snooker ja pool.<\/p>\n","protected":false},"author":1,"featured_media":0,"parent":0,"menu_order":0,"comment_status":"closed","ping_status":"closed","template":"","meta":{"footnotes":""},"class_list":["post-52","page","type-page","status-publish","hentry"],"jetpack_sharing_enabled":true,"_links":{"self":[{"href":"https:\/\/christinesplayground.fi\/index.php\/wp-json\/wp\/v2\/pages\/52","targetHints":{"allow":["GET"]}}],"collection":[{"href":"https:\/\/christinesplayground.fi\/index.php\/wp-json\/wp\/v2\/pages"}],"about":[{"href":"https:\/\/christinesplayground.fi\/index.php\/wp-json\/wp\/v2\/types\/page"}],"author":[{"embeddable":true,"href":"https:\/\/christinesplayground.fi\/index.php\/wp-json\/wp\/v2\/users\/1"}],"replies":[{"embeddable":true,"href":"https:\/\/christinesplayground.fi\/index.php\/wp-json\/wp\/v2\/comments?post=52"}],"version-history":[{"count":2,"href":"https:\/\/christinesplayground.fi\/index.php\/wp-json\/wp\/v2\/pages\/52\/revisions"}],"predecessor-version":[{"id":2059,"href":"https:\/\/christinesplayground.fi\/index.php\/wp-json\/wp\/v2\/pages\/52\/revisions\/2059"}],"wp:attachment":[{"href":"https:\/\/christinesplayground.fi\/index.php\/wp-json\/wp\/v2\/media?parent=52"}],"curies":[{"name":"wp","href":"https:\/\/api.w.org\/{rel}","templated":true}]}}