{"id":99,"date":"2022-12-02T12:54:46","date_gmt":"2022-12-02T12:54:46","guid":{"rendered":"https:\/\/versio1.designsk.zoner.dev\/?page_id=5"},"modified":"2025-12-06T09:24:08","modified_gmt":"2025-12-06T09:24:08","slug":"etusivu","status":"publish","type":"page","link":"https:\/\/christinesplayground.fi\/index.php\/sv\/etusivu\/","title":{"rendered":"Hem"},"content":{"rendered":"\n<p class=\"has-medium-font-size\">V\u00e4lkommen till Christines playground, lekplatsen f\u00f6r alla. H\u00e4r hittar du n\u00e5got att roa dig med oavsett om du \u00e4r ung eller gammal.<\/p>\n\n\n\n<p class=\"has-medium-font-size\">Du beh\u00f6ver naturligtvis inte utnyttja de spel och anl\u00e4ggningar som finns h\u00e4r, det g\u00e5r lika bra att bara komma hit med en bra bok eller ett handarbete och hitta en bekv\u00e4m plats att s\u00e4tta dig p\u00e5. Eller s\u00e5 tar du en kopp kaffe och tittar p\u00e5 n\u00e4r andra spelar. Genom att bli medlem i f\u00f6reningen f\u00e5r du rabatt p\u00e5 spelavgifterna och kan naturligtvis p\u00e5verka utvecklingen av verksamheten.<\/p>\n\n\n\n<p class=\"has-medium-font-size\">Christines playground \u00e4r en ideell f\u00f6rening vars syfte \u00e4r att skapa och uppr\u00e4tth\u00e5lla m\u00f6jligheter till olika former av fritidsverksamheter.<\/p>\n\n\n\n<p class=\"has-medium-font-size\">Adressen \u00e4r: Parmansgatan 11, 64100 Kristinestad<\/p>\n\n\n\n<div class=\"wp-block-buttons is-layout-flex wp-block-buttons-is-layout-flex\">\n<div class=\"wp-block-button\"><a class=\"wp-block-button__link wp-element-button\" href=\"https:\/\/www.varaaheti.fi\/christinesplayground\">Boka tid h\u00e4r!<\/a><\/div>\n<\/div>\n\n\n\n<h3 class=\"wp-block-heading\">Du hittar oss ocks\u00e5 p\u00e5 <a href=\"https:\/\/www.instagram.com\/christinesplayground2022\/\">Instagram<\/a> och <a href=\"https:\/\/www.facebook.com\/profile.php?id=100089211667030\">Facebook<\/a><\/h3>\n\n\n\t\t<div class=\"wp-block-jetpack-instagram-gallery wp-block-jetpack-instagram-gallery__grid wp-block-jetpack-instagram-gallery__grid-columns-3 is-stacked-on-mobile\" style=\"grid-gap: 10px; --latest-instagram-posts-spacing: 10px;\">\n\t\t\t\t\t<a\n\t\t\t\tclass=\"wp-block-jetpack-instagram-gallery__grid-post\"\n\t\t\t\thref=\"https:\/\/www.instagram.com\/p\/DWbpPOEAv-q\/\"\n\t\t\t\trel=\"noopener noreferrer\"\n\t\t\t\ttarget=\"_blank\"\n\t\t\t>\n\t\t\t\t<img\n\t\t\t\t\talt=\"Tradingintroduktion i Christines playground tisdag 14.4 kl. 18.00. Anm\u00e4l dig till roger.langels@icloud.com. Avgift 20 \u20ac.\"\n\t\t\t\t\tsrc=\"https:\/\/scontent-iad6-1.cdninstagram.com\/v\/t51.82787-15\/658043644_18003975077899361_7374646148602282170_n.jpg?stp=dst-jpg_e35_tt6&#038;_nc_cat=109&#038;ccb=7-5&#038;_nc_sid=18de74&#038;efg=eyJlZmdfdGFnIjoiRkVFRC5iZXN0X2ltYWdlX3VybGdlbi5DMyJ9&#038;_nc_ohc=UI8_UY5__PkQ7kNvwEhi18X&#038;_nc_oc=AdpIdTIlHd-fD8OhdEaC43AjtM5cEqWHX8anHA2WcfHpi-zZsobtxvIu2ciRSspkD2o&#038;_nc_zt=23&#038;_nc_ht=scontent-iad6-1.cdninstagram.com&#038;edm=ANo9K5cEAAAA&#038;_nc_gid=ddixQ6CzwYNjOjzjodcjFA&#038;_nc_tpa=Q5bMBQGFXRnhEp_IbYfG4ZGMSJghvoV0AEipPQVTSk8XDFKfdZQbIJrZWXyb5GJOkjSLMcj6q7KJeY5G7Q&#038;oh=00_Af6FWdcazjPKcvci55zJ7si58jgbXiZB7BMgFoil_tQAcQ&#038;oe=69FBFB8F\"\n\t\t\t\t\tloading=\"lazy\"\n\t\t\t\t\/>\n\t\t\t<\/a>\n\t\t\t\t\t<a\n\t\t\t\tclass=\"wp-block-jetpack-instagram-gallery__grid-post\"\n\t\t\t\thref=\"https:\/\/www.instagram.com\/p\/DWI1n3KjrvF\/\"\n\t\t\t\trel=\"noopener noreferrer\"\n\t\t\t\ttarget=\"_blank\"\n\t\t\t>\n\t\t\t\t<img\n\t\t\t\t\talt=\"TRADINGKURS I CHRISTINES PLAYGROUND\"\n\t\t\t\t\tsrc=\"https:\/\/scontent-iad6-1.cdninstagram.com\/v\/t39.30808-6\/654063641_34679114231701991_958976922522841747_n.jpg?stp=dst-jpg_e35_tt6&#038;_nc_cat=107&#038;ccb=7-5&#038;_nc_sid=18de74&#038;efg=eyJlZmdfdGFnIjoiRkVFRC5iZXN0X2ltYWdlX3VybGdlbi5DMyJ9&#038;_nc_ohc=uTu1-M0c3tgQ7kNvwFuNj5R&#038;_nc_oc=AdpMVAxazOvmsUxHx9CpaBaxQQxWMWaZltzYSRtvf-INb1B7C3PRP_Evf3v8bcJYUBg&#038;_nc_zt=23&#038;_nc_ht=scontent-iad6-1.cdninstagram.com&#038;edm=ANo9K5cEAAAA&#038;_nc_gid=ddixQ6CzwYNjOjzjodcjFA&#038;_nc_tpa=Q5bMBQH-VpbBLlG7LzSS5wwguBs9ubZyzB3MMeLKdNhCYxpcf3gIkEgRrEScCeakwgzrgWwJ4Tvq6dG6Pg&#038;oh=00_Af6Ms9d2IA5LgcH0x96Sf8Z2MHVffYtJKjmaRAw4uBwy8w&#038;oe=69FBED5C\"\n\t\t\t\t\tloading=\"lazy\"\n\t\t\t\t\/>\n\t\t\t<\/a>\n\t\t\t\t\t<a\n\t\t\t\tclass=\"wp-block-jetpack-instagram-gallery__grid-post\"\n\t\t\t\thref=\"https:\/\/www.instagram.com\/p\/DV5qeKSgriA\/\"\n\t\t\t\trel=\"noopener noreferrer\"\n\t\t\t\ttarget=\"_blank\"\n\t\t\t>\n\t\t\t\t<img\n\t\t\t\t\talt=\"Soita keskustelemaan ideoita ja aikataulua. Runsaasti tilaa my\u00f6s isoille ryhmille. Ota mukaan ruokaa ja juomaa tai tilaa catering.\"\n\t\t\t\t\tsrc=\"https:\/\/scontent-iad6-1.cdninstagram.com\/v\/t51.82787-15\/651283929_18002124308899361_2719763919683835297_n.jpg?stp=dst-jpg_e35_tt6&#038;_nc_cat=109&#038;ccb=7-5&#038;_nc_sid=18de74&#038;efg=eyJlZmdfdGFnIjoiRkVFRC5iZXN0X2ltYWdlX3VybGdlbi5DMyJ9&#038;_nc_ohc=MTY4RNo63X8Q7kNvwGSnxwh&#038;_nc_oc=Ado1HvOv3X0mYudSX3bxjVL9UQjtQS0Unxoj5VtoyCThSE0FQ8zvulRmU2HK8CPx6rs&#038;_nc_zt=23&#038;_nc_ht=scontent-iad6-1.cdninstagram.com&#038;edm=ANo9K5cEAAAA&#038;_nc_gid=ddixQ6CzwYNjOjzjodcjFA&#038;_nc_tpa=Q5bMBQFJfHzVUiNIvM_6JG62nYBaTTOepXEFnSwLnCc5CUmYwpJXLHhC7ouxLlwZenn0nPiMrQRug3uYpw&#038;oh=00_Af7Y-P4fXjgjda_zKMf-IS1_3IrsoxhT8ixfN_tZj6rGRw&#038;oe=69FBF800\"\n\t\t\t\t\tloading=\"lazy\"\n\t\t\t\t\/>\n\t\t\t<\/a>\n\t\t\t<\/div>\n\n\t\n\n\n<p><\/p>\n","protected":false},"excerpt":{"rendered":"<p>V\u00e4lkommen till Christines playground, lekplatsen f\u00f6r alla. H\u00e4r hittar du n\u00e5got att roa dig med oavsett om du \u00e4r ung eller gammal. Du beh\u00f6ver naturligtvis&hellip;<\/p>\n","protected":false},"author":1,"featured_media":0,"parent":0,"menu_order":0,"comment_status":"closed","ping_status":"closed","template":"","meta":{"footnotes":""},"class_list":["post-99","page","type-page","status-publish","hentry"],"jetpack_sharing_enabled":true,"_links":{"self":[{"href":"https:\/\/christinesplayground.fi\/index.php\/wp-json\/wp\/v2\/pages\/99","targetHints":{"allow":["GET"]}}],"collection":[{"href":"https:\/\/christinesplayground.fi\/index.php\/wp-json\/wp\/v2\/pages"}],"about":[{"href":"https:\/\/christinesplayground.fi\/index.php\/wp-json\/wp\/v2\/types\/page"}],"author":[{"embeddable":true,"href":"https:\/\/christinesplayground.fi\/index.php\/wp-json\/wp\/v2\/users\/1"}],"replies":[{"embeddable":true,"href":"https:\/\/christinesplayground.fi\/index.php\/wp-json\/wp\/v2\/comments?post=99"}],"version-history":[{"count":8,"href":"https:\/\/christinesplayground.fi\/index.php\/wp-json\/wp\/v2\/pages\/99\/revisions"}],"predecessor-version":[{"id":2120,"href":"https:\/\/christinesplayground.fi\/index.php\/wp-json\/wp\/v2\/pages\/99\/revisions\/2120"}],"wp:attachment":[{"href":"https:\/\/christinesplayground.fi\/index.php\/wp-json\/wp\/v2\/media?parent=99"}],"curies":[{"name":"wp","href":"https:\/\/api.w.org\/{rel}","templated":true}]}}